{"id":497,"date":"2022-03-30T09:27:15","date_gmt":"2022-03-30T09:27:15","guid":{"rendered":"https:\/\/www.aula-ee.com\/?page_id=497"},"modified":"2025-11-19T12:31:49","modified_gmt":"2025-11-19T12:31:49","slug":"politica-de-privacidad","status":"publish","type":"page","link":"https:\/\/www.aula-ee.com\/es\/politica-de-privacidad\/","title":{"rendered":"Pol\u00edtica de privacidad"},"content":{"rendered":"<p>En cumplimiento del principio de transparencia y deber de informaci\u00f3n establecido por la normativa comunitaria y nacional en materia de protecci\u00f3n de datos, el centro educativo AULA ESCOLA EUROPEA procede a informar a los <strong>USUARIOS<\/strong> de este sitio web, sobre las circunstancias y condiciones del tratamiento de sus datos, as\u00ed como de los derechos que le asisten a cada interesado.<\/p>\n<h2>\u00bfQui\u00e9n es el responsable del tratamiento de sus datos?<\/h2>\n<ul>\n<li><strong>Identidad:<\/strong> AULA ESCOLA EUROPEA<\/li>\n<li><strong>CIF:<\/strong> G08904716<\/li>\n<li><strong>Direcci\u00f3n postal:<\/strong> Av. Mare de D\u00e8u de Lorda, 34-36 &#8211; 08034 Barcelona (Barcelona)<\/li>\n<li><strong>Tel\u00e9fono:<\/strong> 93 203 03 54<\/li>\n<li><strong>Correo electr\u00f3nico:<\/strong> info@aula-ee.com<\/li>\n<li><strong>Delegado de Protecci\u00f3n de Datos:<\/strong> gerencia@aula-ee.com<\/li>\n<\/ul>\n<h2>\u00bfCon qu\u00e9 finalidad tratamos sus datos personales?<\/h2>\n<p>Tratamos los datos personales de los interesados para las siguientes finalidades:<\/p>\n<ul>\n<li>Prestaci\u00f3n de la docencia y gesti\u00f3n de la relaci\u00f3n con los alumnos, sus padres, tutores o representantes legales.<\/li>\n<li>Gestionar la relaci\u00f3n laboral con nuestros trabajadores.<\/li>\n<li>Gestionar las vacantes laborales de nuestros centros y la relaci\u00f3n con los candidatos.<\/li>\n<li>Mantenimiento y gesti\u00f3n de la relaci\u00f3n comercial con nuestros proveedores de productos y servicios.<\/li>\n<li>Garantizar la seguridad de las personas, bienes e instalaciones.<\/li>\n<li>Responder las consultas que realizan los usuarios a trav\u00e9s del formulario de contacto de nuestra p\u00e1gina web.<\/li>\n<li>Gestionar las aportaciones econ\u00f3micas de car\u00e1cter voluntario.<\/li>\n<li>Difusi\u00f3n del Centro educativo y de sus actividades. Por ejemplo, la publicaci\u00f3n de im\u00e1genes y v\u00eddeos en la web, redes sociales u otros medios para dar a conocer las actividades desarrolladas por el Centro.<\/li>\n<\/ul>\n<h2>\u00bfDurante cu\u00e1nto tiempo conservamos sus datos?<\/h2>\n<p>Los datos personales se conservar\u00e1n durante el tiempo necesario para cumplir con la finalidad para la cual se solicitaron y para determinar las posibles responsabilidades que se puedan derivar de esta finalidad y del tratamiento de los datos.<\/p>\n<p>En su caso, se conservar\u00e1n los datos personales mientras no se solicite su supresi\u00f3n.<\/p>\n<h2>\u00bfQu\u00e9 categor\u00eda de datos recopilamos?<\/h2>\n<p>En relaci\u00f3n con los alumnos, la normativa vigente legitima a los centros educativos a solicitar datos de car\u00e1cter personal para la funci\u00f3n docente y orientadora de los mismos en referencia al origen y ambiente familiar y social, las caracter\u00edsticas o condiciones personales, el desarrollo y resultados de la escolarizaci\u00f3n, y las circunstancias que sean necesarias para educar y orientar a los alumnos.<\/p>\n<p>Por otro lado, tomando en consideraci\u00f3n las finalidades mencionadas en los apartados anteriores, son objeto de tratamiento por el Centro las siguientes categor\u00edas de datos, seg\u00fan corresponda a cada uno de los interesados:<\/p>\n<ul>\n<li><strong>Datos de car\u00e1cter identificativo:<\/strong> nombre y apellido, direcci\u00f3n (postal y electr\u00f3nica), documento de identidad e imagen.<\/li>\n<li><strong>Otros datos personales:<\/strong> fecha y lugar de nacimiento, edad, sexo, nacionalidad y lengua materna.<\/li>\n<li><strong>Datos acad\u00e9micos:<\/strong> formaci\u00f3n y titulaciones.<\/li>\n<li><strong>Datos de familia.<\/strong><\/li>\n<li><strong>Datos de salud, si es el caso.<\/strong><\/li>\n<li><strong>Datos profesionales:<\/strong> experiencia profesional, pertenencia a colegios y asociaciones profesionales.<\/li>\n<li><strong>Datos bancarios.<\/strong><\/li>\n<li><strong>Datos de informaci\u00f3n comercial:<\/strong> actividades, negocios y licencias comerciales.<\/li>\n<\/ul>\n<h2>\u00bfCu\u00e1l es la legitimaci\u00f3n para el tratamiento de sus datos?<\/h2>\n<p>La base legal para el tratamiento de sus datos personales estar\u00e1 relacionada con la finalidad para la cual los datos fueron recogidos.<\/p>\n<p>En este sentido, el tratamiento de sus datos personales estar\u00e1 legitimado por alguna de las siguientes condiciones:<\/p>\n<ul>\n<li>La ejecuci\u00f3n del contrato y la Ley Org\u00e1nica de Educaci\u00f3n como base de legitimaci\u00f3n para llevar a cabo la prestaci\u00f3n de docencia y gesti\u00f3n de la relaci\u00f3n con los alumnos, sus padres, tutores o representantes legales.<\/li>\n<li>La ejecuci\u00f3n del contrato de prestaci\u00f3n de servicios como base de legitimaci\u00f3n para el mantenimiento y gesti\u00f3n de la relaci\u00f3n comercial con nuestros proveedores de productos y servicios.<\/li>\n<li>La ejecuci\u00f3n del contrato laboral y el cumplimiento de una obligaci\u00f3n legal como base de legitimaci\u00f3n para gestionar la relaci\u00f3n laboral con nuestros trabajadores, as\u00ed como el cumplimiento de las obligaciones impuestas por la normativa tributaria y de seguridad social.<\/li>\n<li>La ejecuci\u00f3n del contrato como base de legitimaci\u00f3n para el mantenimiento y gesti\u00f3n de las aportaciones econ\u00f3micas de car\u00e1cter voluntario realizadas.<\/li>\n<li>El cumplimiento de una misi\u00f3n realizada en inter\u00e9s p\u00fablico y el inter\u00e9s leg\u00edtimo como base legitimadora para la utilizaci\u00f3n de sistemas de videovigilancia con el objetivo de garantizar la seguridad de las personas, bienes e instalaciones.<\/li>\n<li>El consentimiento otorgado por parte del interesado como base legitimadora para gestionar las vacantes laborales de nuestros centros y la relaci\u00f3n con los candidatos.<\/li>\n<li>El consentimiento otorgado por parte del interesado como base legitimadora para responder las consultas que realizan los usuarios a trav\u00e9s del formulario de contacto de nuestra p\u00e1gina web.<\/li>\n<li>El consentimiento otorgado por parte del interesado como base legitimadora para el tratamiento de la imagen del interesado con finalidades de difusi\u00f3n del Centro educativo y de sus actividades.<\/li>\n<li>El consentimiento otorgado por parte del interesado como base legitimadora para el env\u00edo de informaci\u00f3n sobre las actividades del centro.<\/li>\n<\/ul>\n<h2>\u00bfA qu\u00e9 destinatarios se comunicar\u00e1n sus datos?<\/h2>\n<p>Con car\u00e1cter general no se comunicar\u00e1n los datos personales a terceros, excepto obligaci\u00f3n legal.<\/p>\n<h2>\u00bfCu\u00e1les son sus derechos cuando nos facilita sus datos?<\/h2>\n<p>Cualquier persona tiene derecho a obtener confirmaci\u00f3n sobre si en el Centro estamos tratando datos personales que les conciernan.<\/p>\n<p>Las personas interesadas tienen derecho a acceder a sus datos personales, as\u00ed como a solicitar la rectificaci\u00f3n de los datos inexactos o, si procede, solicitar su supresi\u00f3n cuando, entre otros motivos, los datos ya no sean necesarios para los fines para los que fueron recogidos.<\/p>\n<p>En estos casos, el Centro lo comunicar\u00e1 a cada uno de los destinatarios a los que se hayan comunicado sus datos personales.<\/p>\n<p>En determinadas circunstancias, los interesados podr\u00e1n solicitar la limitaci\u00f3n del tratamiento de sus datos, en cuyo caso, \u00fanicamente los conservaremos para el ejercicio o la defensa de posibles reclamaciones.<\/p>\n<p>En determinadas circunstancias, y por motivos relacionados con su situaci\u00f3n particular, los interesados podr\u00e1n oponerse al tratamiento de sus datos.<\/p>\n<p>El Centro dejar\u00e1 de tratar los datos, excepto por motivos leg\u00edtimos imperiosos o el ejercicio de defensa de posibles reclamaciones.<\/p>\n<p>Los interesados tienen derecho a recibir los datos personales que le incumban, que hayan facilitado al Centro, en un formato estructurado, de uso com\u00fan y lectura mec\u00e1nica.<\/p>\n<p>Tambi\u00e9n tendr\u00e1n derecho a retirar su consentimiento en cualquier momento, sin que ello afecte a la licitud del tratamiento basado en el consentimiento previo a su retirada.<\/p>\n<p>Para el ejercicio de los derechos mencionados en los apartados anteriores, los usuarios pueden dirigir una comunicaci\u00f3n por escrito al domicilio social del Centro o a las direcciones de correo electr\u00f3nico.<\/p>\n<p>Tambi\u00e9n le informamos de su derecho a presentar una reclamaci\u00f3n ante la Agencia Espa\u00f1ola de Protecci\u00f3n de Datos, si considera que en el tratamiento de sus datos no se est\u00e1n respetando sus derechos.<\/p>\n<h2>\u00bfQu\u00e9 medidas de seguridad tenemos implantadas?<\/h2>\n<p>El centro le informa que tiene implantadas las medidas de seguridad de \u00edndole t\u00e9cnica y organizativas necesarias para garantizar la seguridad de sus datos de car\u00e1cter personal y evitar su alteraci\u00f3n, p\u00e9rdida y tratamiento o acceso no autorizado.<\/p>\n<p>Asimismo, el Centro ha establecido medidas para reforzar la confidencialidad e integridad de la informaci\u00f3n en su organizaci\u00f3n.<\/p>\n<p>Manteniendo continuamente la supervisi\u00f3n, control y evaluaci\u00f3n de los procesos para asegurar el respeto a la privacidad de los datos.<\/p>\n","protected":false},"excerpt":{"rendered":"<p>En cumplimiento del principio de transparencia y deber de informaci\u00f3n establecido por la normativa comunitaria y nacional en materia de protecci\u00f3n de datos, el centro educativo AULA ESCOLA EUROPEA procede &hellip;<\/p>\n","protected":false},"author":1,"featured_media":0,"parent":0,"menu_order":0,"comment_status":"closed","ping_status":"closed","template":"","meta":{"_acf_changed":false,"footnotes":""},"class_list":["post-497","page","type-page","status-publish","hentry"],"acf":[],"yoast_head":"<!-- This site is optimized with the Yoast SEO plugin v27.2 - https:\/\/yoast.com\/product\/yoast-seo-wordpress\/ -->\n<title>Pol\u00edtica de privacidad - Aula Escola Europea<\/title>\n<meta name=\"description\" content=\"En cumplimiento del principio de transparencia y deber de informaci\u00f3n establecido por la normativa comunitaria y nacional en materia de protecci\u00f3n de\" \/>\n<meta name=\"robots\" content=\"index, follow, max-snippet:-1, max-image-preview:large, max-video-preview:-1\" \/>\n<link rel=\"canonical\" href=\"https:\/\/www.aula-ee.com\/es\/politica-de-privacidad\/\" \/>\n<meta property=\"og:locale\" content=\"es_ES\" \/>\n<meta property=\"og:type\" content=\"article\" \/>\n<meta property=\"og:title\" content=\"Pol\u00edtica de privacidad - Aula Escola Europea\" \/>\n<meta property=\"og:description\" content=\"En cumplimiento del principio de transparencia y deber de informaci\u00f3n establecido por la normativa comunitaria y nacional en materia de protecci\u00f3n de\" \/>\n<meta property=\"og:url\" content=\"https:\/\/www.aula-ee.com\/es\/politica-de-privacidad\/\" \/>\n<meta property=\"og:site_name\" content=\"Aula Escola Europea\" \/>\n<meta property=\"article:modified_time\" content=\"2025-11-19T12:31:49+00:00\" \/>\n<meta name=\"twitter:card\" content=\"summary_large_image\" \/>\n<meta name=\"twitter:label1\" content=\"Tiempo de lectura\" \/>\n\t<meta name=\"twitter:data1\" content=\"6 minutos\" \/>\n<script type=\"application\/ld+json\" class=\"yoast-schema-graph\">{\"@context\":\"https:\/\/schema.org\",\"@graph\":[{\"@type\":\"WebPage\",\"@id\":\"https:\/\/www.aula-ee.com\/es\/politica-de-privacidad\/\",\"url\":\"https:\/\/www.aula-ee.com\/es\/politica-de-privacidad\/\",\"name\":\"Pol\u00edtica de privacidad - Aula Escola Europea\",\"isPartOf\":{\"@id\":\"https:\/\/www.aula-ee.com\/es\/#website\"},\"datePublished\":\"2022-03-30T09:27:15+00:00\",\"dateModified\":\"2025-11-19T12:31:49+00:00\",\"description\":\"En cumplimiento del principio de transparencia y deber de informaci\u00f3n establecido por la normativa comunitaria y nacional en materia de protecci\u00f3n de\",\"breadcrumb\":{\"@id\":\"https:\/\/www.aula-ee.com\/es\/politica-de-privacidad\/#breadcrumb\"},\"inLanguage\":\"es\",\"potentialAction\":[{\"@type\":\"ReadAction\",\"target\":[\"https:\/\/www.aula-ee.com\/es\/politica-de-privacidad\/\"]}]},{\"@type\":\"BreadcrumbList\",\"@id\":\"https:\/\/www.aula-ee.com\/es\/politica-de-privacidad\/#breadcrumb\",\"itemListElement\":[{\"@type\":\"ListItem\",\"position\":1,\"name\":\"Portada\",\"item\":\"https:\/\/www.aula-ee.com\/es\/\"},{\"@type\":\"ListItem\",\"position\":2,\"name\":\"Pol\u00edtica de privacidad\"}]},{\"@type\":\"WebSite\",\"@id\":\"https:\/\/www.aula-ee.com\/es\/#website\",\"url\":\"https:\/\/www.aula-ee.com\/es\/\",\"name\":\"Aula Escola Europea\",\"description\":\"\",\"publisher\":{\"@id\":\"https:\/\/www.aula-ee.com\/es\/#organization\"},\"potentialAction\":[{\"@type\":\"SearchAction\",\"target\":{\"@type\":\"EntryPoint\",\"urlTemplate\":\"https:\/\/www.aula-ee.com\/es\/?s={search_term_string}\"},\"query-input\":{\"@type\":\"PropertyValueSpecification\",\"valueRequired\":true,\"valueName\":\"search_term_string\"}}],\"inLanguage\":\"es\"},{\"@type\":\"Organization\",\"@id\":\"https:\/\/www.aula-ee.com\/es\/#organization\",\"name\":\"Aula Escola Europea\",\"url\":\"https:\/\/www.aula-ee.com\/es\/\",\"logo\":{\"@type\":\"ImageObject\",\"inLanguage\":\"es\",\"@id\":\"https:\/\/www.aula-ee.com\/es\/#\/schema\/logo\/image\/\",\"url\":\"https:\/\/www.aula-ee.com\/wp-content\/uploads\/logo-aula-ee.png\",\"contentUrl\":\"https:\/\/www.aula-ee.com\/wp-content\/uploads\/logo-aula-ee.png\",\"width\":588,\"height\":108,\"caption\":\"Aula Escola Europea\"},\"image\":{\"@id\":\"https:\/\/www.aula-ee.com\/es\/#\/schema\/logo\/image\/\"}}]}<\/script>\n<!-- \/ Yoast SEO plugin. -->","yoast_head_json":{"title":"Pol\u00edtica de privacidad - Aula Escola Europea","description":"En cumplimiento del principio de transparencia y deber de informaci\u00f3n establecido por la normativa comunitaria y nacional en materia de protecci\u00f3n de","robots":{"index":"index","follow":"follow","max-snippet":"max-snippet:-1","max-image-preview":"max-image-preview:large","max-video-preview":"max-video-preview:-1"},"canonical":"https:\/\/www.aula-ee.com\/es\/politica-de-privacidad\/","og_locale":"es_ES","og_type":"article","og_title":"Pol\u00edtica de privacidad - Aula Escola Europea","og_description":"En cumplimiento del principio de transparencia y deber de informaci\u00f3n establecido por la normativa comunitaria y nacional en materia de protecci\u00f3n de","og_url":"https:\/\/www.aula-ee.com\/es\/politica-de-privacidad\/","og_site_name":"Aula Escola Europea","article_modified_time":"2025-11-19T12:31:49+00:00","twitter_card":"summary_large_image","twitter_misc":{"Tiempo de lectura":"6 minutos"},"schema":{"@context":"https:\/\/schema.org","@graph":[{"@type":"WebPage","@id":"https:\/\/www.aula-ee.com\/es\/politica-de-privacidad\/","url":"https:\/\/www.aula-ee.com\/es\/politica-de-privacidad\/","name":"Pol\u00edtica de privacidad - Aula Escola Europea","isPartOf":{"@id":"https:\/\/www.aula-ee.com\/es\/#website"},"datePublished":"2022-03-30T09:27:15+00:00","dateModified":"2025-11-19T12:31:49+00:00","description":"En cumplimiento del principio de transparencia y deber de informaci\u00f3n establecido por la normativa comunitaria y nacional en materia de protecci\u00f3n de","breadcrumb":{"@id":"https:\/\/www.aula-ee.com\/es\/politica-de-privacidad\/#breadcrumb"},"inLanguage":"es","potentialAction":[{"@type":"ReadAction","target":["https:\/\/www.aula-ee.com\/es\/politica-de-privacidad\/"]}]},{"@type":"BreadcrumbList","@id":"https:\/\/www.aula-ee.com\/es\/politica-de-privacidad\/#breadcrumb","itemListElement":[{"@type":"ListItem","position":1,"name":"Portada","item":"https:\/\/www.aula-ee.com\/es\/"},{"@type":"ListItem","position":2,"name":"Pol\u00edtica de privacidad"}]},{"@type":"WebSite","@id":"https:\/\/www.aula-ee.com\/es\/#website","url":"https:\/\/www.aula-ee.com\/es\/","name":"Aula Escola Europea","description":"","publisher":{"@id":"https:\/\/www.aula-ee.com\/es\/#organization"},"potentialAction":[{"@type":"SearchAction","target":{"@type":"EntryPoint","urlTemplate":"https:\/\/www.aula-ee.com\/es\/?s={search_term_string}"},"query-input":{"@type":"PropertyValueSpecification","valueRequired":true,"valueName":"search_term_string"}}],"inLanguage":"es"},{"@type":"Organization","@id":"https:\/\/www.aula-ee.com\/es\/#organization","name":"Aula Escola Europea","url":"https:\/\/www.aula-ee.com\/es\/","logo":{"@type":"ImageObject","inLanguage":"es","@id":"https:\/\/www.aula-ee.com\/es\/#\/schema\/logo\/image\/","url":"https:\/\/www.aula-ee.com\/wp-content\/uploads\/logo-aula-ee.png","contentUrl":"https:\/\/www.aula-ee.com\/wp-content\/uploads\/logo-aula-ee.png","width":588,"height":108,"caption":"Aula Escola Europea"},"image":{"@id":"https:\/\/www.aula-ee.com\/es\/#\/schema\/logo\/image\/"}}]}},"_links":{"self":[{"href":"https:\/\/www.aula-ee.com\/es\/wp-json\/wp\/v2\/pages\/497","targetHints":{"allow":["GET"]}}],"collection":[{"href":"https:\/\/www.aula-ee.com\/es\/wp-json\/wp\/v2\/pages"}],"about":[{"href":"https:\/\/www.aula-ee.com\/es\/wp-json\/wp\/v2\/types\/page"}],"author":[{"embeddable":true,"href":"https:\/\/www.aula-ee.com\/es\/wp-json\/wp\/v2\/users\/1"}],"replies":[{"embeddable":true,"href":"https:\/\/www.aula-ee.com\/es\/wp-json\/wp\/v2\/comments?post=497"}],"version-history":[{"count":1,"href":"https:\/\/www.aula-ee.com\/es\/wp-json\/wp\/v2\/pages\/497\/revisions"}],"predecessor-version":[{"id":17662,"href":"https:\/\/www.aula-ee.com\/es\/wp-json\/wp\/v2\/pages\/497\/revisions\/17662"}],"wp:attachment":[{"href":"https:\/\/www.aula-ee.com\/es\/wp-json\/wp\/v2\/media?parent=497"}],"curies":[{"name":"wp","href":"https:\/\/api.w.org\/{rel}","templated":true}]}}