{"id":495,"date":"2022-03-30T09:27:15","date_gmt":"2022-03-30T09:27:15","guid":{"rendered":"https:\/\/www.aula-ee.com\/?page_id=495"},"modified":"2025-11-19T15:07:26","modified_gmt":"2025-11-19T15:07:26","slug":"politique-de-confidentialite","status":"publish","type":"page","link":"https:\/\/www.aula-ee.com\/fr\/politique-de-confidentialite\/","title":{"rendered":"Politique de confidentialit\u00e9"},"content":{"rendered":"<p>Conform\u00e9ment au principe de transparence et au devoir d&rsquo;information \u00e9tabli par la r\u00e9glementation communautaire et nationale en mati\u00e8re de protection des donn\u00e9es, le centre \u00e9ducatif AULA ESCOLA EUROPEA proc\u00e8de \u00e0 informer les <strong>UTILISATEURS<\/strong> de ce site web, sur les circonstances et conditions du traitement de leurs donn\u00e9es, ainsi que sur les droits qui assistent chaque personne concern\u00e9e.<\/p>\n<h2>Qui est le responsable du traitement de vos donn\u00e9es ?<\/h2>\n<ul>\n<li><strong>Identit\u00e9 :<\/strong> AULA ESCOLA EUROPEA<\/li>\n<li><strong>CIF (Num\u00e9ro d&rsquo;identification fiscale) :<\/strong> G08904716<\/li>\n<li><strong>Adresse postale :<\/strong> Av. Mare de D\u00e8u de Lorda, 34-36 &#8211; 08034 Barcelona (Barcelona)<\/li>\n<li><strong>T\u00e9l\u00e9phone :<\/strong> 93 203 03 54<\/li>\n<li><strong>Courriel :<\/strong> info@aula-ee.com<\/li>\n<li><strong>D\u00e9l\u00e9gu\u00e9 \u00e0 la Protection des Donn\u00e9es :<\/strong> gerencia@aula-ee.com<\/li>\n<\/ul>\n<h2>Dans quel but traitons-nous vos donn\u00e9es personnelles ?<\/h2>\n<p>Nous traitons les donn\u00e9es personnelles des personnes concern\u00e9es aux fins suivantes :<\/p>\n<ul>\n<li>Prestation de l&rsquo;enseignement et gestion de la relation avec les \u00e9l\u00e8ves, leurs parents, tuteurs ou repr\u00e9sentants l\u00e9gaux.<\/li>\n<li>G\u00e9rer la relation de travail avec nos employ\u00e9s.<\/li>\n<li>G\u00e9rer les postes vacants dans nos centres et la relation avec les candidats.<\/li>\n<li>Maintien et gestion de la relation commerciale avec nos fournisseurs de produits et services.<\/li>\n<li>Garantir la s\u00e9curit\u00e9 des personnes, des biens et des installations.<\/li>\n<li>R\u00e9pondre aux consultations faites par les utilisateurs via le formulaire de contact de notre site web.<\/li>\n<li>G\u00e9rer les contributions \u00e9conomiques \u00e0 caract\u00e8re volontaire.<\/li>\n<li>Diffusion du Centre \u00e9ducatif et de ses activit\u00e9s. Par exemple, la publication d&rsquo;images et de vid\u00e9os sur le web, les r\u00e9seaux sociaux ou d&rsquo;autres m\u00e9dias pour faire conna\u00eetre les activit\u00e9s d\u00e9velopp\u00e9es par le Centre.<\/li>\n<\/ul>\n<h2>Combien de temps conservons-nous vos donn\u00e9es ?<\/h2>\n<p>Les donn\u00e9es personnelles seront conserv\u00e9es pendant le temps n\u00e9cessaire pour atteindre la finalit\u00e9 pour laquelle elles ont \u00e9t\u00e9 demand\u00e9es et pour d\u00e9terminer les \u00e9ventuelles responsabilit\u00e9s pouvant d\u00e9couler de cette finalit\u00e9 et du traitement des donn\u00e9es.<\/p>\n<p>Le cas \u00e9ch\u00e9ant, les donn\u00e9es personnelles seront conserv\u00e9es tant que leur suppression n&rsquo;est pas demand\u00e9e.<\/p>\n<h2>Quelle cat\u00e9gorie de donn\u00e9es recueillons-nous ?<\/h2>\n<p>En ce qui concerne les \u00e9l\u00e8ves, la r\u00e9glementation en vigueur l\u00e9gitime les centres \u00e9ducatifs \u00e0 demander des donn\u00e9es \u00e0 caract\u00e8re personnel pour leur fonction d&rsquo;enseignement et d&rsquo;orientation, en r\u00e9f\u00e9rence \u00e0 l&rsquo;origine et \u00e0 l&rsquo;environnement familial et social, aux caract\u00e9ristiques ou conditions personnelles, au d\u00e9veloppement et aux r\u00e9sultats de la scolarisation, et aux circonstances n\u00e9cessaires pour \u00e9duquer et orienter les \u00e9l\u00e8ves.<\/p>\n<p>D&rsquo;autre part, compte tenu des finalit\u00e9s mentionn\u00e9es dans les sections pr\u00e9c\u00e9dentes, les cat\u00e9gories de donn\u00e9es suivantes sont soumises au traitement par le Centre, selon ce qui correspond \u00e0 chaque personne concern\u00e9e :<\/p>\n<ul>\n<li><strong>Donn\u00e9es d&rsquo;identification :<\/strong> nom et pr\u00e9nom, adresse (postale et \u00e9lectronique), document d&rsquo;identit\u00e9 et image.<\/li>\n<li><strong>Autres donn\u00e9es personnelles :<\/strong> date et lieu de naissance, \u00e2ge, sexe, nationalit\u00e9 et langue maternelle.<\/li>\n<li><strong>Donn\u00e9es acad\u00e9miques :<\/strong> formation et qualifications.<\/li>\n<li><strong>Donn\u00e9es familiales.<\/strong><\/li>\n<li><strong>Donn\u00e9es de sant\u00e9, le cas \u00e9ch\u00e9ant.<\/strong><\/li>\n<li><strong>Donn\u00e9es professionnelles :<\/strong> exp\u00e9rience professionnelle, appartenance \u00e0 des ordres et associations professionnels.<\/li>\n<li><strong>Coordonn\u00e9es bancaires.<\/strong><\/li>\n<li><strong>Donn\u00e9es d&rsquo;information commerciale :<\/strong> activit\u00e9s, affaires et licences commerciales.<\/li>\n<\/ul>\n<h2>Quelle est la l\u00e9gitimation pour le traitement de vos donn\u00e9es ?<\/h2>\n<p>La base l\u00e9gale pour le traitement de vos donn\u00e9es personnelles sera li\u00e9e \u00e0 la finalit\u00e9 pour laquelle les donn\u00e9es ont \u00e9t\u00e9 collect\u00e9es.<\/p>\n<p>\u00c0 cet \u00e9gard, le traitement de vos donn\u00e9es personnelles sera l\u00e9gitim\u00e9 par l&rsquo;une des conditions suivantes :<\/p>\n<ul>\n<li>L&rsquo;ex\u00e9cution du contrat et la Loi Organique sur l&rsquo;\u00c9ducation comme base de l\u00e9gitimation pour la prestation de l&rsquo;enseignement et la gestion de la relation avec les \u00e9l\u00e8ves, leurs parents, tuteurs ou repr\u00e9sentants l\u00e9gaux.<\/li>\n<li>L&rsquo;ex\u00e9cution du contrat de prestation de services comme base de l\u00e9gitimation pour le maintien et la gestion de la relation commerciale avec nos fournisseurs de produits et services.<\/li>\n<li>L&rsquo;ex\u00e9cution du contrat de travail et le respect d&rsquo;une obligation l\u00e9gale comme base de l\u00e9gitimation pour g\u00e9rer la relation de travail avec nos employ\u00e9s, ainsi que le respect des obligations impos\u00e9es par la r\u00e9glementation fiscale et de s\u00e9curit\u00e9 sociale.<\/li>\n<li>L&rsquo;ex\u00e9cution du contrat comme base de l\u00e9gitimation pour le maintien et la gestion des contributions \u00e9conomiques \u00e0 caract\u00e8re volontaire effectu\u00e9es.<\/li>\n<li>L&rsquo;ex\u00e9cution d&rsquo;une mission d&rsquo;int\u00e9r\u00eat public et l&rsquo;int\u00e9r\u00eat l\u00e9gitime comme base de l\u00e9gitimation pour l&rsquo;utilisation de syst\u00e8mes de vid\u00e9osurveillance dans le but de garantir la s\u00e9curit\u00e9 des personnes, des biens et des installations.<\/li>\n<li>Le consentement accord\u00e9 par la personne concern\u00e9e comme base de l\u00e9gitimation pour g\u00e9rer les postes vacants dans nos centres et la relation avec les candidats.<\/li>\n<li>Le consentement accord\u00e9 par la personne concern\u00e9e comme base de l\u00e9gitimation pour r\u00e9pondre aux consultations faites par les utilisateurs via le formulaire de contact de notre site web.<\/li>\n<li>Le consentement accord\u00e9 par la personne concern\u00e9e comme base de l\u00e9gitimation pour le traitement de son image \u00e0 des fins de diffusion du Centre \u00e9ducatif et de ses activit\u00e9s.<\/li>\n<li>Le consentement accord\u00e9 par la personne concern\u00e9e comme base de l\u00e9gitimation pour l&rsquo;envoi d&rsquo;informations sur les activit\u00e9s du centre.<\/li>\n<\/ul>\n<h2>\u00c0 quels destinataires vos donn\u00e9es seront-elles communiqu\u00e9es ?<\/h2>\n<p>En r\u00e8gle g\u00e9n\u00e9rale, les donn\u00e9es personnelles ne seront pas communiqu\u00e9es \u00e0 des tiers, sauf obligation l\u00e9gale.<\/p>\n<h2>Quels sont vos droits lorsque vous nous fournissez vos donn\u00e9es ?<\/h2>\n<p>Toute personne a le droit d&rsquo;obtenir confirmation si le Centre traite des donn\u00e9es personnelles la concernant.<\/p>\n<p>Les personnes concern\u00e9es ont le droit d&rsquo;acc\u00e9der \u00e0 leurs donn\u00e9es personnelles, ainsi que de demander la rectification des donn\u00e9es inexactes ou, le cas \u00e9ch\u00e9ant, de demander leur suppression lorsque, entre autres motifs, les donn\u00e9es ne sont plus n\u00e9cessaires aux fins pour lesquelles elles ont \u00e9t\u00e9 collect\u00e9es.<\/p>\n<p>Dans ces cas, le Centre le communiquera \u00e0 chacun des destinataires auxquels leurs donn\u00e9es personnelles ont \u00e9t\u00e9 communiqu\u00e9es.<\/p>\n<p>Dans certaines circonstances, les personnes concern\u00e9es pourront demander la limitation du traitement de leurs donn\u00e9es, auquel cas, nous ne les conserverons que pour l&rsquo;exercice ou la d\u00e9fense d&rsquo;\u00e9ventuelles r\u00e9clamations.<\/p>\n<p>Dans certaines circonstances, et pour des raisons li\u00e9es \u00e0 leur situation particuli\u00e8re, les personnes concern\u00e9es pourront s&rsquo;opposer au traitement de leurs donn\u00e9es.<\/p>\n<p>Le Centre cessera de traiter les donn\u00e9es, sauf pour des motifs l\u00e9gitimes imp\u00e9rieux ou pour l&rsquo;exercice de la d\u00e9fense d&rsquo;\u00e9ventuelles r\u00e9clamations.<\/p>\n<p>Les personnes concern\u00e9es ont le droit de recevoir les donn\u00e9es personnelles les concernant, qu&rsquo;elles ont fournies au Centre, dans un format structur\u00e9, couramment utilis\u00e9 et lisible par machine.<\/p>\n<p>Elles auront \u00e9galement le droit de retirer leur consentement \u00e0 tout moment, sans que cela n&rsquo;affecte la lic\u00e9it\u00e9 du traitement fond\u00e9 sur le consentement pr\u00e9alable \u00e0 son retrait.<\/p>\n<p>Pour l&rsquo;exercice des droits mentionn\u00e9s dans les sections pr\u00e9c\u00e9dentes, les utilisateurs peuvent adresser une communication \u00e9crite au si\u00e8ge social du Centre ou aux adresses \u00e9lectroniques.<\/p>\n<p>Nous vous informons \u00e9galement de votre droit de d\u00e9poser une r\u00e9clamation aupr\u00e8s de l&rsquo;Agence Espagnole de Protection des Donn\u00e9es, si vous estimez que vos droits ne sont pas respect\u00e9s dans le traitement de vos donn\u00e9es.<\/p>\n<h2>Quelles mesures de s\u00e9curit\u00e9 avons-nous mises en place ?<\/h2>\n<p>Le centre vous informe qu&rsquo;il a mis en place les mesures de s\u00e9curit\u00e9 de nature technique et organisationnelle n\u00e9cessaires pour garantir la s\u00e9curit\u00e9 de vos donn\u00e9es \u00e0 caract\u00e8re personnel et \u00e9viter leur alt\u00e9ration, perte et traitement ou acc\u00e8s non autoris\u00e9.<\/p>\n<p>De m\u00eame, le Centre a \u00e9tabli des mesures pour renforcer la confidentialit\u00e9 et l&rsquo;int\u00e9grit\u00e9 des informations au sein de son organisation.<\/p>\n<p>Maintenant continuellement la supervision, le contr\u00f4le et l&rsquo;\u00e9valuation des processus pour assurer le respect de la confidentialit\u00e9 des donn\u00e9es.<\/p>\n","protected":false},"excerpt":{"rendered":"<p>Conform\u00e9ment au principe de transparence et au devoir d&rsquo;information \u00e9tabli par la r\u00e9glementation communautaire et nationale en mati\u00e8re de protection des donn\u00e9es, le centre \u00e9ducatif AULA ESCOLA EUROPEA proc\u00e8de \u00e0 &hellip;<\/p>\n","protected":false},"author":1,"featured_media":0,"parent":0,"menu_order":0,"comment_status":"closed","ping_status":"closed","template":"","meta":{"_acf_changed":false,"footnotes":""},"class_list":["post-495","page","type-page","status-publish","hentry"],"acf":[],"yoast_head":"<!-- This site is optimized with the Yoast SEO plugin v27.2 - https:\/\/yoast.com\/product\/yoast-seo-wordpress\/ -->\n<title>Politique de confidentialit\u00e9 - Aula Escola Europea<\/title>\n<meta name=\"description\" content=\"Conform\u00e9ment au principe de transparence et au devoir d&#039;information \u00e9tabli par la r\u00e9glementation communautaire et nationale en mati\u00e8re de protection des\" \/>\n<meta name=\"robots\" content=\"index, follow, max-snippet:-1, max-image-preview:large, max-video-preview:-1\" \/>\n<link rel=\"canonical\" href=\"https:\/\/www.aula-ee.com\/fr\/politique-de-confidentialite\/\" \/>\n<meta property=\"og:locale\" content=\"fr_FR\" \/>\n<meta property=\"og:type\" content=\"article\" \/>\n<meta property=\"og:title\" content=\"Politique de confidentialit\u00e9 - Aula Escola Europea\" \/>\n<meta property=\"og:description\" content=\"Conform\u00e9ment au principe de transparence et au devoir d&#039;information \u00e9tabli par la r\u00e9glementation communautaire et nationale en mati\u00e8re de protection des\" \/>\n<meta property=\"og:url\" content=\"https:\/\/www.aula-ee.com\/fr\/politique-de-confidentialite\/\" \/>\n<meta property=\"og:site_name\" content=\"Aula Escola Europea\" \/>\n<meta property=\"article:modified_time\" content=\"2025-11-19T15:07:26+00:00\" \/>\n<meta name=\"twitter:card\" content=\"summary_large_image\" \/>\n<meta name=\"twitter:label1\" content=\"Dur\u00e9e de lecture estim\u00e9e\" \/>\n\t<meta name=\"twitter:data1\" content=\"6 minutes\" \/>\n<script type=\"application\/ld+json\" class=\"yoast-schema-graph\">{\"@context\":\"https:\/\/schema.org\",\"@graph\":[{\"@type\":\"WebPage\",\"@id\":\"https:\/\/www.aula-ee.com\/fr\/politique-de-confidentialite\/\",\"url\":\"https:\/\/www.aula-ee.com\/fr\/politique-de-confidentialite\/\",\"name\":\"Politique de confidentialit\u00e9 - Aula Escola Europea\",\"isPartOf\":{\"@id\":\"https:\/\/www.aula-ee.com\/fr\/#website\"},\"datePublished\":\"2022-03-30T09:27:15+00:00\",\"dateModified\":\"2025-11-19T15:07:26+00:00\",\"description\":\"Conform\u00e9ment au principe de transparence et au devoir d'information \u00e9tabli par la r\u00e9glementation communautaire et nationale en mati\u00e8re de protection des\",\"breadcrumb\":{\"@id\":\"https:\/\/www.aula-ee.com\/fr\/politique-de-confidentialite\/#breadcrumb\"},\"inLanguage\":\"fr-FR\",\"potentialAction\":[{\"@type\":\"ReadAction\",\"target\":[\"https:\/\/www.aula-ee.com\/fr\/politique-de-confidentialite\/\"]}]},{\"@type\":\"BreadcrumbList\",\"@id\":\"https:\/\/www.aula-ee.com\/fr\/politique-de-confidentialite\/#breadcrumb\",\"itemListElement\":[{\"@type\":\"ListItem\",\"position\":1,\"name\":\"Portada\",\"item\":\"https:\/\/www.aula-ee.com\/fr\/\"},{\"@type\":\"ListItem\",\"position\":2,\"name\":\"Politique de confidentialit\u00e9\"}]},{\"@type\":\"WebSite\",\"@id\":\"https:\/\/www.aula-ee.com\/fr\/#website\",\"url\":\"https:\/\/www.aula-ee.com\/fr\/\",\"name\":\"Aula Escola Europea\",\"description\":\"\",\"potentialAction\":[{\"@type\":\"SearchAction\",\"target\":{\"@type\":\"EntryPoint\",\"urlTemplate\":\"https:\/\/www.aula-ee.com\/fr\/?s={search_term_string}\"},\"query-input\":{\"@type\":\"PropertyValueSpecification\",\"valueRequired\":true,\"valueName\":\"search_term_string\"}}],\"inLanguage\":\"fr-FR\"}]}<\/script>\n<!-- \/ Yoast SEO plugin. -->","yoast_head_json":{"title":"Politique de confidentialit\u00e9 - Aula Escola Europea","description":"Conform\u00e9ment au principe de transparence et au devoir d'information \u00e9tabli par la r\u00e9glementation communautaire et nationale en mati\u00e8re de protection des","robots":{"index":"index","follow":"follow","max-snippet":"max-snippet:-1","max-image-preview":"max-image-preview:large","max-video-preview":"max-video-preview:-1"},"canonical":"https:\/\/www.aula-ee.com\/fr\/politique-de-confidentialite\/","og_locale":"fr_FR","og_type":"article","og_title":"Politique de confidentialit\u00e9 - Aula Escola Europea","og_description":"Conform\u00e9ment au principe de transparence et au devoir d'information \u00e9tabli par la r\u00e9glementation communautaire et nationale en mati\u00e8re de protection des","og_url":"https:\/\/www.aula-ee.com\/fr\/politique-de-confidentialite\/","og_site_name":"Aula Escola Europea","article_modified_time":"2025-11-19T15:07:26+00:00","twitter_card":"summary_large_image","twitter_misc":{"Dur\u00e9e de lecture estim\u00e9e":"6 minutes"},"schema":{"@context":"https:\/\/schema.org","@graph":[{"@type":"WebPage","@id":"https:\/\/www.aula-ee.com\/fr\/politique-de-confidentialite\/","url":"https:\/\/www.aula-ee.com\/fr\/politique-de-confidentialite\/","name":"Politique de confidentialit\u00e9 - Aula Escola Europea","isPartOf":{"@id":"https:\/\/www.aula-ee.com\/fr\/#website"},"datePublished":"2022-03-30T09:27:15+00:00","dateModified":"2025-11-19T15:07:26+00:00","description":"Conform\u00e9ment au principe de transparence et au devoir d'information \u00e9tabli par la r\u00e9glementation communautaire et nationale en mati\u00e8re de protection des","breadcrumb":{"@id":"https:\/\/www.aula-ee.com\/fr\/politique-de-confidentialite\/#breadcrumb"},"inLanguage":"fr-FR","potentialAction":[{"@type":"ReadAction","target":["https:\/\/www.aula-ee.com\/fr\/politique-de-confidentialite\/"]}]},{"@type":"BreadcrumbList","@id":"https:\/\/www.aula-ee.com\/fr\/politique-de-confidentialite\/#breadcrumb","itemListElement":[{"@type":"ListItem","position":1,"name":"Portada","item":"https:\/\/www.aula-ee.com\/fr\/"},{"@type":"ListItem","position":2,"name":"Politique de confidentialit\u00e9"}]},{"@type":"WebSite","@id":"https:\/\/www.aula-ee.com\/fr\/#website","url":"https:\/\/www.aula-ee.com\/fr\/","name":"Aula Escola Europea","description":"","potentialAction":[{"@type":"SearchAction","target":{"@type":"EntryPoint","urlTemplate":"https:\/\/www.aula-ee.com\/fr\/?s={search_term_string}"},"query-input":{"@type":"PropertyValueSpecification","valueRequired":true,"valueName":"search_term_string"}}],"inLanguage":"fr-FR"}]}},"_links":{"self":[{"href":"https:\/\/www.aula-ee.com\/fr\/wp-json\/wp\/v2\/pages\/495","targetHints":{"allow":["GET"]}}],"collection":[{"href":"https:\/\/www.aula-ee.com\/fr\/wp-json\/wp\/v2\/pages"}],"about":[{"href":"https:\/\/www.aula-ee.com\/fr\/wp-json\/wp\/v2\/types\/page"}],"author":[{"embeddable":true,"href":"https:\/\/www.aula-ee.com\/fr\/wp-json\/wp\/v2\/users\/1"}],"replies":[{"embeddable":true,"href":"https:\/\/www.aula-ee.com\/fr\/wp-json\/wp\/v2\/comments?post=495"}],"version-history":[{"count":2,"href":"https:\/\/www.aula-ee.com\/fr\/wp-json\/wp\/v2\/pages\/495\/revisions"}],"predecessor-version":[{"id":17691,"href":"https:\/\/www.aula-ee.com\/fr\/wp-json\/wp\/v2\/pages\/495\/revisions\/17691"}],"wp:attachment":[{"href":"https:\/\/www.aula-ee.com\/fr\/wp-json\/wp\/v2\/media?parent=495"}],"curies":[{"name":"wp","href":"https:\/\/api.w.org\/{rel}","templated":true}]}}